{"id":113291,"date":"2025-03-14T18:00:55","date_gmt":"2025-03-14T17:00:55","guid":{"rendered":"https:\/\/fotoclub-bruneck.it\/?page_id=113291"},"modified":"2025-03-15T08:26:09","modified_gmt":"2025-03-15T07:26:09","slug":"archiv","status":"publish","type":"page","link":"https:\/\/fotoclub-bruneck.it\/it\/archiv\/","title":{"rendered":"Archiv"},"content":{"rendered":"<p>[et_pb_section fb_built=&#8221;1&#8243; _builder_version=&#8221;4.27.4&#8243; _module_preset=&#8221;default&#8221; global_colors_info=&#8221;{}&#8221;][et_pb_row column_structure=&#8221;3_5,2_5&#8243; _builder_version=&#8221;4.27.4&#8243; _module_preset=&#8221;default&#8221; global_colors_info=&#8221;{}&#8221;][et_pb_column type=&#8221;3_5&#8243; _builder_version=&#8221;4.27.4&#8243; _module_preset=&#8221;default&#8221; global_colors_info=&#8221;{}&#8221;][et_pb_text _builder_version=&#8221;4.27.4&#8243; _module_preset=&#8221;default&#8221; global_colors_info=&#8221;{}&#8221;]<\/p>\n<p>In dieser Sektion findest du ein Archiv der vergangenen Jahre. St\u00f6bere durch unsere Geschichte und lass dich f\u00fcr eigene Projekte inspirieren! <\/p>\n<p>Wenn dir etwas gut gefallen hat, oder du eine Anregung f\u00fcr uns hast, lass es uns wissen! Wir freuen uns!<\/p>\n<p>[\/et_pb_text][\/et_pb_column][et_pb_column type=&#8221;2_5&#8243; _builder_version=&#8221;4.27.4&#8243; _module_preset=&#8221;default&#8221; global_colors_info=&#8221;{}&#8221;][dsm_button button_one_text=&#8221;2023&#8243; button_one_url=&#8221;@ET-DC@eyJkeW5hbWljIjp0cnVlLCJjb250ZW50IjoicG9zdF9saW5rX3VybF9wYWdlIiwic2V0dGluZ3MiOnsicG9zdF9pZCI6IjExMzI5NSJ9fQ==@&#8221; _builder_version=&#8221;4.27.4&#8243; _dynamic_attributes=&#8221;button_one_url&#8221; _module_preset=&#8221;default&#8221; global_colors_info=&#8221;{}&#8221;][\/dsm_button][dsm_button button_one_text=&#8221;2024&#8243; button_one_url=&#8221;@ET-DC@eyJkeW5hbWljIjp0cnVlLCJjb250ZW50IjoicG9zdF9saW5rX3VybF9wYWdlIiwic2V0dGluZ3MiOnsicG9zdF9pZCI6IjExMzMyMCJ9fQ==@&#8221; _builder_version=&#8221;4.27.4&#8243; _dynamic_attributes=&#8221;button_one_url&#8221; _module_preset=&#8221;default&#8221; hover_enabled=&#8221;0&#8243; global_colors_info=&#8221;{}&#8221; sticky_enabled=&#8221;0&#8243;][\/dsm_button][\/et_pb_column][\/et_pb_row][\/et_pb_section]<\/p>\n","protected":false},"excerpt":{"rendered":"<p>In dieser Sektion findest du ein Archiv der vergangenen Jahre. St\u00f6bere durch unsere Geschichte und lass dich f\u00fcr eigene Projekte inspirieren! Wenn dir etwas gut gefallen hat, oder du eine Anregung f\u00fcr uns hast, lass es uns wissen! Wir freuen uns!<div class=\"et_pb_module dsm_button dsm_button_0 et_pb_bg_layout_light\">\n\t\t\t\t\n\t\t\t\t\n\t\t\t\t\n\t\t\t\t\n\t\t\t\t\n\t\t\t\t\n\t\t\t\t<div class=\"et_pb_module_inner\">\n\t\t\t\t\t<div class=\"et_pb_button_module_wrappers dsm_button_0_wrapper  et_pb_module\">\n\t\t\t\t<a class=\"et_pb_button et_pb_button_one et_pb_bg_layout_light dsm-none \"  data-dsm-lightbox-id=\"dsm_button_one_lightbox dsm_button_0\"><span>2023<\/span><\/a>\n\t\t\t<\/div>\n\t\t\t\t<\/div>\n\t\t\t<\/div><div class=\"et_pb_module dsm_button dsm_button_1 et_pb_bg_layout_light\">\n\t\t\t\t\n\t\t\t\t\n\t\t\t\t\n\t\t\t\t\n\t\t\t\t\n\t\t\t\t\n\t\t\t\t<div class=\"et_pb_module_inner\">\n\t\t\t\t\t<div class=\"et_pb_button_module_wrappers dsm_button_1_wrapper  et_pb_module\">\n\t\t\t\t<a class=\"et_pb_button et_pb_button_one et_pb_bg_layout_light dsm-none \"  data-dsm-lightbox-id=\"dsm_button_one_lightbox dsm_button_1\"><span>2024<\/span><\/a>\n\t\t\t<\/div>\n\t\t\t\t<\/div>\n\t\t\t<\/div><\/p>\n","protected":false},"author":6,"featured_media":0,"parent":0,"menu_order":0,"comment_status":"closed","ping_status":"closed","template":"","meta":{"_et_pb_use_builder":"on","_et_pb_old_content":"","_et_gb_content_width":"","footnotes":""},"class_list":["post-113291","page","type-page","status-publish","hentry"],"_links":{"self":[{"href":"https:\/\/fotoclub-bruneck.it\/it\/wp-json\/wp\/v2\/pages\/113291","targetHints":{"allow":["GET"]}}],"collection":[{"href":"https:\/\/fotoclub-bruneck.it\/it\/wp-json\/wp\/v2\/pages"}],"about":[{"href":"https:\/\/fotoclub-bruneck.it\/it\/wp-json\/wp\/v2\/types\/page"}],"author":[{"embeddable":true,"href":"https:\/\/fotoclub-bruneck.it\/it\/wp-json\/wp\/v2\/users\/6"}],"replies":[{"embeddable":true,"href":"https:\/\/fotoclub-bruneck.it\/it\/wp-json\/wp\/v2\/comments?post=113291"}],"version-history":[{"count":4,"href":"https:\/\/fotoclub-bruneck.it\/it\/wp-json\/wp\/v2\/pages\/113291\/revisions"}],"predecessor-version":[{"id":113330,"href":"https:\/\/fotoclub-bruneck.it\/it\/wp-json\/wp\/v2\/pages\/113291\/revisions\/113330"}],"wp:attachment":[{"href":"https:\/\/fotoclub-bruneck.it\/it\/wp-json\/wp\/v2\/media?parent=113291"}],"curies":[{"name":"wp","href":"https:\/\/api.w.org\/{rel}","templated":true}]}}