{"id":112640,"date":"2024-02-18T07:32:40","date_gmt":"2024-02-18T06:32:40","guid":{"rendered":"https:\/\/fotoclub-bruneck.it\/ossi-ganthaler-progetto-weitklick\/"},"modified":"2024-02-21T18:36:29","modified_gmt":"2024-02-21T17:36:29","slug":"ossi-ganthaler-progetto-weitklick","status":"publish","type":"page","link":"https:\/\/fotoclub-bruneck.it\/it\/ossi-ganthaler-progetto-weitklick\/","title":{"rendered":"Ossi Ganthaler &#8211; Progetto &#8220;WeitKlick"},"content":{"rendered":"<p>[et_pb_section fb_built=&#8221;1&#8243; _builder_version=&#8221;4.24.1&#8243; _module_preset=&#8221;default&#8221; background_image=&#8221;https:\/\/fotoclub-bruneck.it\/wp-content\/uploads\/2024\/02\/W.-Turner-nachempfunden.jpg&#8221; height=&#8221;1000px&#8221; custom_padding=&#8221;1px|||||&#8221; hover_enabled=&#8221;0&#8243; global_colors_info=&#8221;{}&#8221; title_text=&#8221;W. Turner nachempfunden&#8221; sticky_enabled=&#8221;0&#8243; max_height=&#8221;813px&#8221;][et_pb_row _builder_version=&#8221;4.21.0&#8243; _module_preset=&#8221;default&#8221; min_height=&#8221;95px&#8221; global_colors_info=&#8221;{}&#8221;][et_pb_column type=&#8221;4_4&#8243; _builder_version=&#8221;4.21.0&#8243; _module_preset=&#8221;default&#8221; global_colors_info=&#8221;{}&#8221;][et_pb_text _builder_version=&#8221;4.21.0&#8243; _module_preset=&#8221;default&#8221; global_colors_info=&#8221;{}&#8221;]<\/p>\n<h2><span style=\"color: #ffffff;\"><strong><em>Ossi Ganthaler<br \/><\/em><\/strong><\/span><\/h2>\n<p>[\/et_pb_text][et_pb_text _builder_version=&#8221;4.24.1&#8243; _module_preset=&#8221;default&#8221; text_font=&#8221;gordita light italic|700||||on|||&#8221; text_font_size=&#8221;53px&#8221; text_letter_spacing=&#8221;2px&#8221; text_orientation=&#8221;right&#8221; background_layout=&#8221;dark&#8221; hover_enabled=&#8221;0&#8243; global_colors_info=&#8221;{}&#8221; sticky_enabled=&#8221;0&#8243;]<\/p>\n<p>Buono &#8216;Lontano<strong><br \/>\n  <em>K<\/em><br \/>\n<\/strong>lecco<\/p>\n<p>[\/et_pb_text][\/et_pb_column][\/et_pb_row][et_pb_row _builder_version=&#8221;4.21.0&#8243; _module_preset=&#8221;default&#8221; width=&#8221;60%&#8221; global_colors_info=&#8221;{}&#8221;][et_pb_column type=&#8221;4_4&#8243; _builder_version=&#8221;4.21.0&#8243; _module_preset=&#8221;default&#8221; global_colors_info=&#8221;{}&#8221;][et_pb_text _builder_version=&#8221;4.24.1&#8243; _module_preset=&#8221;default&#8221; text_font=&#8221;|600|||||||&#8221; text_font_size=&#8221;21px&#8221; text_letter_spacing=&#8221;1px&#8221; text_line_height=&#8221;1.8em&#8221; background_color=&#8221;RGBA(255,255,255,0)&#8221; background_layout=&#8221;dark&#8221; hover_enabled=&#8221;0&#8243; global_colors_info=&#8221;{}&#8221; sticky_enabled=&#8221;0&#8243;]<\/p>\n<p>Se ripenso ai miei inizi fotografici, ben 40 anni fa, le foto delle mie escursioni in montagna la facevano da padrone. In seguito, sono state scattate sempre pi\u00f9 foto ricordo con la mia famiglia.<\/p>\n<p>Con l&#8217;avanzare dell&#8217;et\u00e0, sono rimasto affascinato da altri generi e motivi fotografici: Le riviste fotografiche, le mostre, i progressi tecnici nell&#8217;hardware e nel software hanno ampliato i miei orizzonti. Questa variet\u00e0 di motivi mi attraeva sempre di pi\u00f9.<\/p>\n<p>Questo \u00e8 il mio credo: aprire <strong>bene<\/strong> gli occhi e tenerli aperti per la diversit\u00e0 del mondo che ci circonda.<\/p>\n<p style=\"font-weight: 400;\">Con questo in mente, avere un buon &#8220;Weit<strong><br \/>\n  <em>B<\/em><br \/>\n<\/strong>leccare&#8221;<\/p>\n<p><span style=\"color: #ffffff;\"><span style=\"font-weight: 400;\">Le immagini qui riportate sono una piccola selezione di astrofotografie che ho realizzato quest&#8217;anno.<\/span> <\/span><\/p>\n<p>[\/et_pb_text][\/et_pb_column][\/et_pb_row][\/et_pb_section][et_pb_section fb_built=&#8221;1&#8243; _builder_version=&#8221;4.21.0&#8243; _module_preset=&#8221;default&#8221; custom_margin=&#8221;-63px|||||&#8221; custom_padding=&#8221;0px||23px|||&#8221; global_colors_info=&#8221;{}&#8221;][et_pb_row _builder_version=&#8221;4.21.0&#8243; _module_preset=&#8221;default&#8221; width=&#8221;100%&#8221; hover_enabled=&#8221;0&#8243; global_colors_info=&#8221;{}&#8221; sticky_enabled=&#8221;0&#8243;][et_pb_column type=&#8221;4_4&#8243; _builder_version=&#8221;4.21.0&#8243; _module_preset=&#8221;default&#8221; global_colors_info=&#8221;{}&#8221;][et_pb_gallery gallery_ids=&#8221;112643,112645,112647,112649,112651,112653,112655,112657,112659,112661,112663,112665,112667,112669&#8243; posts_number=&#8221;16&#8243; show_pagination=&#8221;off&#8221; _builder_version=&#8221;4.24.1&#8243; _module_preset=&#8221;default&#8221; hover_enabled=&#8221;0&#8243; global_colors_info=&#8221;{}&#8221; sticky_enabled=&#8221;0&#8243;][\/et_pb_gallery][\/et_pb_column][\/et_pb_row][\/et_pb_section]<\/p>\n","protected":false},"excerpt":{"rendered":"<p>Ossi GanthalerBuono &#8216;Lontano K leccoSe ripenso ai miei inizi fotografici, ben 40 anni fa, le foto delle mie escursioni in montagna la facevano da padrone. In seguito, sono state scattate sempre pi\u00f9 foto ricordo con la mia famiglia. Con l&#8217;avanzare dell&#8217;et\u00e0, sono rimasto affascinato da altri generi e motivi fotografici: Le riviste fotografiche, le mostre, i progressi tecnici nell&#8217;hardware e nel software hanno ampliato i miei orizzonti. Questa variet\u00e0 di motivi mi attraeva sempre di pi\u00f9. Questo \u00e8 il mio credo: aprire bene gli occhi e tenerli aperti per la diversit\u00e0 del mondo che ci circonda. Con questo in mente, avere un buon &#8220;Weit B leccare&#8221; Le immagini qui riportate sono una piccola selezione di astrofotografie che ho realizzato quest&#8217;anno.<\/p>\n","protected":false},"author":6,"featured_media":0,"parent":0,"menu_order":0,"comment_status":"closed","ping_status":"closed","template":"","meta":{"_et_pb_use_builder":"on","_et_pb_old_content":"","_et_gb_content_width":"","footnotes":""},"class_list":["post-112640","page","type-page","status-publish","hentry"],"_links":{"self":[{"href":"https:\/\/fotoclub-bruneck.it\/it\/wp-json\/wp\/v2\/pages\/112640","targetHints":{"allow":["GET"]}}],"collection":[{"href":"https:\/\/fotoclub-bruneck.it\/it\/wp-json\/wp\/v2\/pages"}],"about":[{"href":"https:\/\/fotoclub-bruneck.it\/it\/wp-json\/wp\/v2\/types\/page"}],"author":[{"embeddable":true,"href":"https:\/\/fotoclub-bruneck.it\/it\/wp-json\/wp\/v2\/users\/6"}],"replies":[{"embeddable":true,"href":"https:\/\/fotoclub-bruneck.it\/it\/wp-json\/wp\/v2\/comments?post=112640"}],"version-history":[{"count":3,"href":"https:\/\/fotoclub-bruneck.it\/it\/wp-json\/wp\/v2\/pages\/112640\/revisions"}],"predecessor-version":[{"id":112677,"href":"https:\/\/fotoclub-bruneck.it\/it\/wp-json\/wp\/v2\/pages\/112640\/revisions\/112677"}],"wp:attachment":[{"href":"https:\/\/fotoclub-bruneck.it\/it\/wp-json\/wp\/v2\/media?parent=112640"}],"curies":[{"name":"wp","href":"https:\/\/api.w.org\/{rel}","templated":true}]}}