{"id":112359,"date":"2023-12-08T06:31:23","date_gmt":"2023-12-08T05:31:23","guid":{"rendered":"https:\/\/fotoclub-bruneck.it\/fotocamere-di-grande-formato-unintroduzione-dellarch-paolo-biadene\/"},"modified":"2023-12-08T06:35:34","modified_gmt":"2023-12-08T05:35:34","slug":"fotocamere-di-grande-formato-unintroduzione-dellarch-paolo-biadene","status":"publish","type":"page","link":"https:\/\/fotoclub-bruneck.it\/it\/fotocamere-di-grande-formato-unintroduzione-dellarch-paolo-biadene\/","title":{"rendered":"Fotocamere di grande formato: un&#8217;introduzione dell&#8217;Arch. Paolo Biadene"},"content":{"rendered":"<p>[et_pb_section fb_built=&#8221;1&#8243; _builder_version=&#8221;4.21.0&#8243; _module_preset=&#8221;default&#8221; custom_padding=&#8221;1px|||||&#8221; global_colors_info=&#8221;{}&#8221;][et_pb_row _builder_version=&#8221;4.21.0&#8243; _module_preset=&#8221;default&#8221; min_height=&#8221;76px&#8221; global_colors_info=&#8221;{}&#8221;][et_pb_column type=&#8221;4_4&#8243; _builder_version=&#8221;4.21.0&#8243; _module_preset=&#8221;default&#8221; global_colors_info=&#8221;{}&#8221;][et_pb_text _builder_version=&#8221;4.23.1&#8243; _module_preset=&#8221;default&#8221; global_colors_info=&#8221;{}&#8221;]<\/p>\n<h2>Fotocamere di grande formato: un&#8217;introduzione dell&#8217;Arch. Paolo Biadene<\/h2>\n<p>[\/et_pb_text][\/et_pb_column][\/et_pb_row][et_pb_row _builder_version=&#8221;4.21.0&#8243; _module_preset=&#8221;default&#8221; global_colors_info=&#8221;{}&#8221;][et_pb_column type=&#8221;4_4&#8243; _builder_version=&#8221;4.21.0&#8243; _module_preset=&#8221;default&#8221; global_colors_info=&#8221;{}&#8221;][et_pb_text _builder_version=&#8221;4.23.1&#8243; _module_preset=&#8221;default&#8221; global_colors_info=&#8221;{}&#8221;]<\/p>\n<p>Luned\u00ec 4 dicembre 2023, Paulo Biadene ci ha fatto visita in studio per introdurci nell&#8217;affascinante mondo delle fotocamere di grande formato. Paolo, architetto e appassionato fotografo fin da giovane, \u00e8 sempre stato entusiasta delle fotocamere di grande formato. Come molti di noi, ha iniziato il suo percorso fotografico nell&#8217;era della fotografia analogica, quando le fotocamere da 35 mm non erano ancora onnipresenti.<\/p>\n<p>Durante la sua visita, Paolo ci ha regalato una macchina fotografica Sinar di grande formato, un gioiello degli albori della fotografia. Queste fotocamere sono state utilizzate da molti fotografi famosi prima che le fotocamere da 35 mm iniziassero la loro trionfale avanzata. Le fotocamere di grande formato sono caratterizzate da dimensioni, peso e costi associati. Sono costituiti da un corpo con soffietto espandibile e da un dorso per la pellicola piatta, che rende ogni scatto un&#8217;esperienza unica.<\/p>\n<p>In passato, le fotocamere di grande formato venivano utilizzate nella fotografia di prodotto, nella fotografia di paesaggio e soprattutto nella fotografia architettonica. Sono stati utilizzati per ottenere un&#8217;elevata profondit\u00e0 di campo e per correggere le linee &#8220;cadenti&#8221; sugli edifici. I negativi utilizzati avevano dimensioni impressionanti di 8&#215;12, 13&#215;18 e 18&#215;24 cm.<\/p>\n<p>La gestione di queste fotocamere richiede molta esperienza. I dispositivi sono pesanti e devono essere installati con un treppiede e altri accessori. Oggi, a causa della loro complessit\u00e0 e dell&#8217;elevato impegno richiesto, sono utilizzati solo da appassionati con un debole per la fotografia dei tempi passati.<\/p>\n<p>Oltre alla fotocamera Sinar, Paolo ha citato anche alternative pi\u00f9 maneggevoli come la Linhof Technika. Queste fotocamere di grande formato sono pi\u00f9 piccole e pi\u00f9 facili da usare. Alcuni modelli utilizzano pellicole in rotolo di dimensioni da 6&#215;9 a 9&#215;12 e oltre. \u00c8 interessante notare che per questi modelli sono disponibili anche dorsi digitali.<\/p>\n<p>La serata con Paolo non \u00e8 stata solo informativa, ma ha anche stimolato la riflessione. Paolo ha suggerito di organizzare un&#8217;escursione fotografica per vedere queste impressionanti macchine fotografiche in azione. Un&#8217;offerta che sicuramente \u00e8 caduta a fagiolo per molti di noi e che promette un&#8217;emozionante escursione nel passato fotografico.<\/p>\n<p>[\/et_pb_text][\/et_pb_column][\/et_pb_row][\/et_pb_section][et_pb_section fb_built=&#8221;1&#8243; _builder_version=&#8221;4.23.1&#8243; _module_preset=&#8221;default&#8221; global_colors_info=&#8221;{}&#8221;][et_pb_row _builder_version=&#8221;4.23.1&#8243; _module_preset=&#8221;default&#8221; width=&#8221;92%&#8221; global_colors_info=&#8221;{}&#8221;][et_pb_column type=&#8221;4_4&#8243; _builder_version=&#8221;4.23.1&#8243; _module_preset=&#8221;default&#8221; global_colors_info=&#8221;{}&#8221;][et_pb_gallery gallery_ids=&#8221;112324,112326,112328,112330,112332,112334,112336,112338,112340,112342,112344,112346,112348,112350,112352,112354,112356&#8243; show_title_and_caption=&#8221;off&#8221; _builder_version=&#8221;4.23.1&#8243; _module_preset=&#8221;default&#8221; global_colors_info=&#8221;{}&#8221;][\/et_pb_gallery][\/et_pb_column][\/et_pb_row][\/et_pb_section][et_pb_section fb_built=&#8221;1&#8243; _builder_version=&#8221;4.23.1&#8243; _module_preset=&#8221;default&#8221; global_colors_info=&#8221;{}&#8221;][et_pb_row _builder_version=&#8221;4.23.1&#8243; _module_preset=&#8221;default&#8221; global_colors_info=&#8221;{}&#8221;][et_pb_column type=&#8221;4_4&#8243; _builder_version=&#8221;4.23.1&#8243; _module_preset=&#8221;default&#8221; global_colors_info=&#8221;{}&#8221;][dsm_image_hover_reveal _builder_version=&#8221;4.23.1&#8243; _module_preset=&#8221;default&#8221; global_colors_info=&#8221;{}&#8221;][\/dsm_image_hover_reveal][\/et_pb_column][\/et_pb_row][\/et_pb_section]<\/p>\n","protected":false},"excerpt":{"rendered":"<p>Fotocamere di grande formato: un&#8217;introduzione dell&#8217;Arch. Paolo BiadeneLuned\u00ec 4 dicembre 2023, Paulo Biadene ci ha fatto visita in studio per introdurci nell&#8217;affascinante mondo delle fotocamere di grande formato. Paolo, architetto e appassionato fotografo fin da giovane, \u00e8 sempre stato entusiasta delle fotocamere di grande formato. Come molti di noi, ha iniziato il suo percorso fotografico nell&#8217;era della fotografia analogica, quando le fotocamere da 35 mm non erano ancora onnipresenti. Durante la sua visita, Paolo ci ha regalato una macchina fotografica Sinar di grande formato, un gioiello degli albori della fotografia. Queste fotocamere sono state utilizzate da molti fotografi famosi prima che le fotocamere da 35 mm iniziassero la loro trionfale avanzata. Le fotocamere di grande formato sono caratterizzate da dimensioni, peso e costi associati. Sono costituiti da un corpo con soffietto espandibile e da un dorso per la pellicola piatta, che rende ogni scatto un&#8217;esperienza unica. In passato, le fotocamere di grande formato venivano utilizzate nella fotografia di prodotto, nella fotografia di paesaggio e soprattutto nella fotografia architettonica. Sono stati utilizzati per ottenere un&#8217;elevata profondit\u00e0 di campo e per correggere le linee &#8220;cadenti&#8221; sugli edifici. I negativi utilizzati avevano dimensioni impressionanti di 8&#215;12, 13&#215;18 e 18&#215;24 cm. La gestione di [&hellip;]<\/p>\n","protected":false},"author":6,"featured_media":0,"parent":0,"menu_order":0,"comment_status":"closed","ping_status":"closed","template":"","meta":{"_et_pb_use_builder":"on","_et_pb_old_content":"","_et_gb_content_width":"","footnotes":""},"class_list":["post-112359","page","type-page","status-publish","hentry"],"_links":{"self":[{"href":"https:\/\/fotoclub-bruneck.it\/it\/wp-json\/wp\/v2\/pages\/112359","targetHints":{"allow":["GET"]}}],"collection":[{"href":"https:\/\/fotoclub-bruneck.it\/it\/wp-json\/wp\/v2\/pages"}],"about":[{"href":"https:\/\/fotoclub-bruneck.it\/it\/wp-json\/wp\/v2\/types\/page"}],"author":[{"embeddable":true,"href":"https:\/\/fotoclub-bruneck.it\/it\/wp-json\/wp\/v2\/users\/6"}],"replies":[{"embeddable":true,"href":"https:\/\/fotoclub-bruneck.it\/it\/wp-json\/wp\/v2\/comments?post=112359"}],"version-history":[{"count":5,"href":"https:\/\/fotoclub-bruneck.it\/it\/wp-json\/wp\/v2\/pages\/112359\/revisions"}],"predecessor-version":[{"id":112365,"href":"https:\/\/fotoclub-bruneck.it\/it\/wp-json\/wp\/v2\/pages\/112359\/revisions\/112365"}],"wp:attachment":[{"href":"https:\/\/fotoclub-bruneck.it\/it\/wp-json\/wp\/v2\/media?parent=112359"}],"curies":[{"name":"wp","href":"https:\/\/api.w.org\/{rel}","templated":true}]}}