{"id":112119,"date":"2023-09-07T08:22:32","date_gmt":"2023-09-07T06:22:32","guid":{"rendered":"https:\/\/fotoclub-bruneck.it\/museo-guggenheim-di-bilbao\/"},"modified":"2023-09-07T08:27:31","modified_gmt":"2023-09-07T06:27:31","slug":"museo-guggenheim-di-bilbao","status":"publish","type":"page","link":"https:\/\/fotoclub-bruneck.it\/it\/museo-guggenheim-di-bilbao\/","title":{"rendered":"Museo Guggenheim di Bilbao"},"content":{"rendered":"<p>[et_pb_section fb_built=&#8221;1&#8243; _builder_version=&#8221;4.22.1&#8243; _module_preset=&#8221;default&#8221; background_color=&#8221;#F0E1D1&#8243; background_enable_image=&#8221;off&#8221; height=&#8221;580px&#8221; custom_padding=&#8221;1px|||||&#8221; global_colors_info=&#8221;{}&#8221;][et_pb_row _builder_version=&#8221;4.21.0&#8243; _module_preset=&#8221;default&#8221; min_height=&#8221;95px&#8221; global_colors_info=&#8221;{}&#8221;][et_pb_column type=&#8221;4_4&#8243; _builder_version=&#8221;4.21.0&#8243; _module_preset=&#8221;default&#8221; global_colors_info=&#8221;{}&#8221;][et_pb_text _builder_version=&#8221;4.21.0&#8243; _module_preset=&#8221;default&#8221; global_colors_info=&#8221;{}&#8221;]<\/p>\n<h2><span style=\"color: #000000;\"><strong><em>Scantamburlo Norbert<\/em><\/strong><\/span><\/h2>\n<p>[\/et_pb_text][et_pb_text _builder_version=&#8221;4.22.1&#8243; _module_preset=&#8221;default&#8221; text_font=&#8221;gordita light italic|700||||on|||&#8221; text_font_size=&#8221;53px&#8221; text_letter_spacing=&#8221;2px&#8221; text_orientation=&#8221;right&#8221; background_layout=&#8221;dark&#8221; global_colors_info=&#8221;{}&#8221;]<\/p>\n<p style=\"font-weight: 400;\"><span style=\"color: #000000;\">MUSEO GUGGENHEIM DI BILBAO<\/span><\/p>\n<p>[\/et_pb_text][\/et_pb_column][\/et_pb_row][et_pb_row _builder_version=&#8221;4.22.1&#8243; _module_preset=&#8221;default&#8221; width=&#8221;85%&#8221; global_colors_info=&#8221;{}&#8221;][et_pb_column type=&#8221;4_4&#8243; _builder_version=&#8221;4.21.0&#8243; _module_preset=&#8221;default&#8221; global_colors_info=&#8221;{}&#8221;][et_pb_text _builder_version=&#8221;4.22.1&#8243; _module_preset=&#8221;default&#8221; text_font=&#8221;|600|||||||&#8221; text_font_size=&#8221;21px&#8221; text_letter_spacing=&#8221;1px&#8221; text_line_height=&#8221;1.8em&#8221; background_color=&#8221;RGBA(255,255,255,0)&#8221; background_layout=&#8221;dark&#8221; global_colors_info=&#8221;{}&#8221;]<\/p>\n<p style=\"font-weight: 400;\"><span style=\"color: #000000;\">Completato nel 1997, l&#8217;edificio si trova nel centro di Bilbao, sulle rive del fiume Nervion. L&#8217;architetto \u00e8 il canadese-americano Frank Gehry. Il museo \u00e8 una delle attrazioni pi\u00f9 importanti della citt\u00e0 e ha cambiato radicalmente il volto della citt\u00e0. L&#8217;attenzione \u00e8 rivolta all&#8217;arte contemporanea del XX secolo. Ospita sia mostre permanenti (come l&#8217;installazione monumentale dello scultore Richard Serra) sia mostre speciali. Il museo \u00e8 uno dei tre musei della Fondazione statunitense Solom R. Guggenheim.<\/span><\/p>\n<p style=\"font-weight: 400;\"><span style=\"color: #000000;\">Ho visitato questo museo nell&#8217;agosto 2023 e ne riporto qui alcune impressioni.<\/span><\/p>\n<p>[\/et_pb_text][\/et_pb_column][\/et_pb_row][\/et_pb_section][et_pb_section fb_built=&#8221;1&#8243; fullwidth=&#8221;on&#8221; _builder_version=&#8221;4.22.1&#8243; _module_preset=&#8221;default&#8221; global_colors_info=&#8221;{}&#8221;][\/et_pb_section][et_pb_section fb_built=&#8221;1&#8243; _builder_version=&#8221;4.21.0&#8243; _module_preset=&#8221;default&#8221; custom_margin=&#8221;-63px|||||&#8221; custom_padding=&#8221;0px||23px|||&#8221; global_colors_info=&#8221;{}&#8221;][et_pb_row _builder_version=&#8221;4.21.0&#8243; _module_preset=&#8221;default&#8221; width=&#8221;100%&#8221; global_colors_info=&#8221;{}&#8221;][et_pb_column type=&#8221;4_4&#8243; _builder_version=&#8221;4.21.0&#8243; _module_preset=&#8221;default&#8221; global_colors_info=&#8221;{}&#8221;][et_pb_gallery gallery_ids=&#8221;112089,112091,112093,112095,112097,112099,112101,112103,112105,112107&#8243; posts_number=&#8221;16&#8243; show_title_and_caption=&#8221;off&#8221; show_pagination=&#8221;off&#8221; _builder_version=&#8221;4.22.1&#8243; _module_preset=&#8221;default&#8221; title_font_size=&#8221;16px&#8221; caption_font=&#8221;Verdana||||||||&#8221; caption_font_size=&#8221;15px&#8221; global_colors_info=&#8221;{}&#8221;][\/et_pb_gallery][\/et_pb_column][\/et_pb_row][\/et_pb_section][et_pb_section fb_built=&#8221;1&#8243; _builder_version=&#8221;4.22.1&#8243; _module_preset=&#8221;default&#8221; background_color=&#8221;#F0E1D1&#8243; background_enable_image=&#8221;off&#8221; height=&#8221;510px&#8221; custom_padding=&#8221;1px|||||&#8221; global_colors_info=&#8221;{}&#8221;][et_pb_row _builder_version=&#8221;4.21.0&#8243; _module_preset=&#8221;default&#8221; min_height=&#8221;95px&#8221; global_colors_info=&#8221;{}&#8221;][et_pb_column type=&#8221;4_4&#8243; _builder_version=&#8221;4.21.0&#8243; _module_preset=&#8221;default&#8221; global_colors_info=&#8221;{}&#8221;][\/et_pb_column][\/et_pb_row][\/et_pb_section]<\/p>\n","protected":false},"excerpt":{"rendered":"<p>Scantamburlo NorbertMUSEO GUGGENHEIM DI BILBAOCompletato nel 1997, l&#8217;edificio si trova nel centro di Bilbao, sulle rive del fiume Nervion. L&#8217;architetto \u00e8 il canadese-americano Frank Gehry. Il museo \u00e8 una delle attrazioni pi\u00f9 importanti della citt\u00e0 e ha cambiato radicalmente il volto della citt\u00e0. L&#8217;attenzione \u00e8 rivolta all&#8217;arte contemporanea del XX secolo. Ospita sia mostre permanenti (come l&#8217;installazione monumentale dello scultore Richard Serra) sia mostre speciali. Il museo \u00e8 uno dei tre musei della Fondazione statunitense Solom R. Guggenheim. Ho visitato questo museo nell&#8217;agosto 2023 e ne riporto qui alcune impressioni.<\/p>\n","protected":false},"author":6,"featured_media":0,"parent":0,"menu_order":0,"comment_status":"closed","ping_status":"closed","template":"","meta":{"_et_pb_use_builder":"on","_et_pb_old_content":"","_et_gb_content_width":"","footnotes":""},"class_list":["post-112119","page","type-page","status-publish","hentry"],"_links":{"self":[{"href":"https:\/\/fotoclub-bruneck.it\/it\/wp-json\/wp\/v2\/pages\/112119","targetHints":{"allow":["GET"]}}],"collection":[{"href":"https:\/\/fotoclub-bruneck.it\/it\/wp-json\/wp\/v2\/pages"}],"about":[{"href":"https:\/\/fotoclub-bruneck.it\/it\/wp-json\/wp\/v2\/types\/page"}],"author":[{"embeddable":true,"href":"https:\/\/fotoclub-bruneck.it\/it\/wp-json\/wp\/v2\/users\/6"}],"replies":[{"embeddable":true,"href":"https:\/\/fotoclub-bruneck.it\/it\/wp-json\/wp\/v2\/comments?post=112119"}],"version-history":[{"count":3,"href":"https:\/\/fotoclub-bruneck.it\/it\/wp-json\/wp\/v2\/pages\/112119\/revisions"}],"predecessor-version":[{"id":112122,"href":"https:\/\/fotoclub-bruneck.it\/it\/wp-json\/wp\/v2\/pages\/112119\/revisions\/112122"}],"wp:attachment":[{"href":"https:\/\/fotoclub-bruneck.it\/it\/wp-json\/wp\/v2\/media?parent=112119"}],"curies":[{"name":"wp","href":"https:\/\/api.w.org\/{rel}","templated":true}]}}