{"id":112074,"date":"2023-09-01T08:32:07","date_gmt":"2023-09-01T06:32:07","guid":{"rendered":"https:\/\/fotoclub-bruneck.it\/norbert-scantamburlo-lucciola\/"},"modified":"2023-09-01T08:32:26","modified_gmt":"2023-09-01T06:32:26","slug":"norbert-scantamburlo-lucciola","status":"publish","type":"page","link":"https:\/\/fotoclub-bruneck.it\/it\/norbert-scantamburlo-lucciola\/","title":{"rendered":"Norbert Scantamburlo &#8211; Lucciola"},"content":{"rendered":"<p>[et_pb_section fb_built=&#8221;1&#8243; _builder_version=&#8221;4.22.1&#8243; _module_preset=&#8221;default&#8221; background_color=&#8221;#F0E1D1&#8243; background_enable_image=&#8221;off&#8221; height=&#8221;1000px&#8221; custom_padding=&#8221;1px|||||&#8221; global_colors_info=&#8221;{}&#8221;][et_pb_row _builder_version=&#8221;4.21.0&#8243; _module_preset=&#8221;default&#8221; min_height=&#8221;95px&#8221; global_colors_info=&#8221;{}&#8221;][et_pb_column type=&#8221;4_4&#8243; _builder_version=&#8221;4.21.0&#8243; _module_preset=&#8221;default&#8221; global_colors_info=&#8221;{}&#8221;][et_pb_text _builder_version=&#8221;4.21.0&#8243; _module_preset=&#8221;default&#8221; global_colors_info=&#8221;{}&#8221;]<\/p>\n<h2><span style=\"color: #000000;\"><strong><em>Scantamburlo Norbert<\/em><\/strong><\/span><\/h2>\n<p>[\/et_pb_text][et_pb_text _builder_version=&#8221;4.22.1&#8243; _module_preset=&#8221;default&#8221; text_font=&#8221;gordita light italic|700||||on|||&#8221; text_font_size=&#8221;53px&#8221; text_letter_spacing=&#8221;2px&#8221; text_orientation=&#8221;right&#8221; background_layout=&#8221;dark&#8221; global_colors_info=&#8221;{}&#8221;]<\/p>\n<p><span style=\"color: #000000;\">Lucciola<\/span><\/p>\n<p>[\/et_pb_text][\/et_pb_column][\/et_pb_row][et_pb_row _builder_version=&#8221;4.22.1&#8243; _module_preset=&#8221;default&#8221; width=&#8221;85%&#8221; global_colors_info=&#8221;{}&#8221;][et_pb_column type=&#8221;4_4&#8243; _builder_version=&#8221;4.21.0&#8243; _module_preset=&#8221;default&#8221; global_colors_info=&#8221;{}&#8221;][et_pb_text _builder_version=&#8221;4.21.0&#8243; _module_preset=&#8221;default&#8221; text_font=&#8221;|600|||||||&#8221; text_font_size=&#8221;21px&#8221; text_letter_spacing=&#8221;1px&#8221; text_line_height=&#8221;1.8em&#8221; background_color=&#8221;RGBA(255,255,255,0)&#8221; background_layout=&#8221;dark&#8221; global_colors_info=&#8221;{}&#8221;]<\/p>\n<p style=\"font-weight: 400;\"><span style=\"color: #000000; font-size: large;\">Una sera, a met\u00e0 giugno, ho notato per caso questi coleotteri e ho deciso di fotografarli. Naturalmente non volevo fotografare il coleottero in s\u00e9 in un primo piano, ma le tracce nell&#8217;oscurit\u00e0 di questi interessanti insetti. Uno spettacolo che purtroppo sta diventando sempre pi\u00f9 raro da vedere, dato che questi insetti scompaiono dalla natura a causa della perdita di habitat. Quando ero bambino, potevo osservare le lucciole nel prato di fronte a casa mia e anche catturarle. Prima ho fatto delle ricerche su Internet, dove ho trovato delle immagini molto spettacolari, e poi mi sono messo a realizzare il mio progetto. Un gradito cambiamento rispetto alla mia astrofotografia. Una sera, con un caldo estivo, mi sono recato sul posto e ho sistemato l&#8217;attrezzatura in un punto adatto. Prima delle 22.00 sono apparse le prime lucciole, che hanno iniziato a creare le loro scie luminose nell&#8217;oscurit\u00e0. Poi ce ne furono sempre di pi\u00f9, uno spettacolo affascinante come non ne avevo mai visti prima. Poi ho iniziato a scattare, con un obiettivo da 24 mm, un tempo compreso tra 15 e 20 secondi, a un&#8217;apertura di 3,5 e a 800-1600 iso. Pi\u00f9 volte ho cambiato brevemente posizione (che poi si \u00e8 rivelata sfavorevole) e ho scattato diverse foto. Verso le dieci e un quarto, i coleotteri hanno lentamente interrotto il loro volo, fino a quando sono apparsi solo pochi animali singoli. A casa, ho guardato il risultato e per il momento sono rimasto entusiasta di ci\u00f2 che appariva sullo schermo del mio computer. Un primo tentativo e gi\u00e0 un piccolo successo. Le singole immagini sono state poi compilate in Photoshop e sono apparsi i traccianti dei coleotteri. Purtroppo avevo lesinato sul numero di foto e non ero del tutto soddisfatto. Quindi si \u00e8 tornati al lavoro. Le sere successive ebbi meno successo, finch\u00e9 la quarta sera riuscii a scattare le foto che mi aspettavo. Questa volta ho usato un obiettivo da 35 mm, ho impostato l&#8217;apertura a 2,8 e l&#8217;iso a 800, esponendo per 15-20 secondi. Questa volta non ho cambiato di nuovo la posizione, il che si \u00e8 rivelato la cosa giusta da fare. Ho iniziato a scattare poco prima delle dieci, quando la maggior parte degli insetti era in volo, e ho scattato il maggior numero di foto possibile. Dopo aver compilato le immagini in Photoshop, la singola immagine mostrava le numerose tracce giallo-verdi degli scarabei volanti nell&#8217;oscurit\u00e0. Ero entusiasta del risultato.<\/span><\/p>\n<p style=\"font-weight: 400;\"><span style=\"font-size: large; color: #0a0a0a;\">Le lucciole, o lucciole, sono coleotteri che hanno la capacit\u00e0 di emettere segnali luminosi per comunicare in modo che le femmine e i maschi possano trovarsi per l&#8217;accoppiamento. In alcune specie solo le femmine hanno organi luminescenti, in altre entrambi i sessi si illuminano. I segnali vengono emessi solo di notte e la stagione di volo va da met\u00e0 giugno a met\u00e0 luglio. In genere abbiamo due specie: la lucciola piccola e la lucciola grande; i coleotteri che ho fotografato sono la lucciola piccola. In questa specie, i maschi volano mentre le femmine sono prive di volo, accovacciate a terra e in attesa dei maschi; entrambi i sessi inviano segnali luminosi. Nella grande lucciola, solo le femmine inviano segnali luminosi, sedendosi su punti rialzati del terreno e attirando cos\u00ec i maschi.<\/span><\/p>\n<p>[\/et_pb_text][\/et_pb_column][\/et_pb_row][\/et_pb_section][et_pb_section fb_built=&#8221;1&#8243; _builder_version=&#8221;4.22.1&#8243; _module_preset=&#8221;default&#8221; background_color=&#8221;#F0E1D1&#8243; background_enable_image=&#8221;off&#8221; height=&#8221;510px&#8221; custom_padding=&#8221;1px|||||&#8221; global_colors_info=&#8221;{}&#8221;][et_pb_row _builder_version=&#8221;4.21.0&#8243; _module_preset=&#8221;default&#8221; min_height=&#8221;95px&#8221; global_colors_info=&#8221;{}&#8221;][et_pb_column type=&#8221;4_4&#8243; _builder_version=&#8221;4.21.0&#8243; _module_preset=&#8221;default&#8221; global_colors_info=&#8221;{}&#8221;][\/et_pb_column][\/et_pb_row][\/et_pb_section][et_pb_section fb_built=&#8221;1&#8243; fullwidth=&#8221;on&#8221; _builder_version=&#8221;4.22.1&#8243; _module_preset=&#8221;default&#8221; global_colors_info=&#8221;{}&#8221;][\/et_pb_section][et_pb_section fb_built=&#8221;1&#8243; _builder_version=&#8221;4.21.0&#8243; _module_preset=&#8221;default&#8221; custom_margin=&#8221;-63px|||||&#8221; custom_padding=&#8221;0px||23px|||&#8221; global_colors_info=&#8221;{}&#8221;][et_pb_row _builder_version=&#8221;4.21.0&#8243; _module_preset=&#8221;default&#8221; width=&#8221;100%&#8221; global_colors_info=&#8221;{}&#8221;][et_pb_column type=&#8221;4_4&#8243; _builder_version=&#8221;4.21.0&#8243; _module_preset=&#8221;default&#8221; global_colors_info=&#8221;{}&#8221;][et_pb_gallery gallery_ids=&#8221;112061,112063,112059,112069,112067,112065,112057&#8243; posts_number=&#8221;16&#8243; show_pagination=&#8221;off&#8221; _builder_version=&#8221;4.22.1&#8243; _module_preset=&#8221;default&#8221; global_colors_info=&#8221;{}&#8221;][\/et_pb_gallery][\/et_pb_column][\/et_pb_row][\/et_pb_section]<\/p>\n","protected":false},"excerpt":{"rendered":"<p>Scantamburlo NorbertLucciolaUna sera, a met\u00e0 giugno, ho notato per caso questi coleotteri e ho deciso di fotografarli. Naturalmente non volevo fotografare il coleottero in s\u00e9 in un primo piano, ma le tracce nell&#8217;oscurit\u00e0 di questi interessanti insetti. Uno spettacolo che purtroppo sta diventando sempre pi\u00f9 raro da vedere, dato che questi insetti scompaiono dalla natura a causa della perdita di habitat. Quando ero bambino, potevo osservare le lucciole nel prato di fronte a casa mia e anche catturarle. Prima ho fatto delle ricerche su Internet, dove ho trovato delle immagini molto spettacolari, e poi mi sono messo a realizzare il mio progetto. Un gradito cambiamento rispetto alla mia astrofotografia. Una sera, con un caldo estivo, mi sono recato sul posto e ho sistemato l&#8217;attrezzatura in un punto adatto. Prima delle 22.00 sono apparse le prime lucciole, che hanno iniziato a creare le loro scie luminose nell&#8217;oscurit\u00e0. Poi ce ne furono sempre di pi\u00f9, uno spettacolo affascinante come non ne avevo mai visti prima. Poi ho iniziato a scattare, con un obiettivo da 24 mm, un tempo compreso tra 15 e 20 secondi, a un&#8217;apertura di 3,5 e a 800-1600 iso. Pi\u00f9 volte ho cambiato brevemente posizione (che poi si \u00e8 [&hellip;]<\/p>\n","protected":false},"author":6,"featured_media":0,"parent":0,"menu_order":0,"comment_status":"closed","ping_status":"closed","template":"","meta":{"_et_pb_use_builder":"on","_et_pb_old_content":"","_et_gb_content_width":"","footnotes":""},"class_list":["post-112074","page","type-page","status-publish","hentry"],"_links":{"self":[{"href":"https:\/\/fotoclub-bruneck.it\/it\/wp-json\/wp\/v2\/pages\/112074","targetHints":{"allow":["GET"]}}],"collection":[{"href":"https:\/\/fotoclub-bruneck.it\/it\/wp-json\/wp\/v2\/pages"}],"about":[{"href":"https:\/\/fotoclub-bruneck.it\/it\/wp-json\/wp\/v2\/types\/page"}],"author":[{"embeddable":true,"href":"https:\/\/fotoclub-bruneck.it\/it\/wp-json\/wp\/v2\/users\/6"}],"replies":[{"embeddable":true,"href":"https:\/\/fotoclub-bruneck.it\/it\/wp-json\/wp\/v2\/comments?post=112074"}],"version-history":[{"count":3,"href":"https:\/\/fotoclub-bruneck.it\/it\/wp-json\/wp\/v2\/pages\/112074\/revisions"}],"predecessor-version":[{"id":112077,"href":"https:\/\/fotoclub-bruneck.it\/it\/wp-json\/wp\/v2\/pages\/112074\/revisions\/112077"}],"wp:attachment":[{"href":"https:\/\/fotoclub-bruneck.it\/it\/wp-json\/wp\/v2\/media?parent=112074"}],"curies":[{"name":"wp","href":"https:\/\/api.w.org\/{rel}","templated":true}]}}